{"id":129,"date":"2021-12-20T17:28:08","date_gmt":"2021-12-20T17:28:08","guid":{"rendered":"https:\/\/carthage-tech.net\/demo\/agency\/?page_id=129"},"modified":"2023-11-22T17:01:09","modified_gmt":"2023-11-22T16:01:09","slug":"a-propos","status":"publish","type":"page","link":"https:\/\/tmagency-dz.com\/?page_id=129","title":{"rendered":"A propos"},"content":{"rendered":"<section class=\"wpb-content-wrapper\"><p>[vc_row][vc_column width=\u00a0\u00bb1\/2&Prime;]<div id=\"cz_81106\" class=\"cz_81106 cz_title clr cz_title_pos_inline tac\"><div class=\"cz_title_content\"><span class=\"cz_line_side_solo\">_<\/span><div class=\"cz_wpe_content\"><p style=\"text-align: center;\"><span style=\"font-size: 32px; color: #6e275a;\"><strong><span style=\"font-family: Raleway;\">TM AGENCY en br\u00e8ve<br \/>\n<\/span><\/strong><\/span><\/p>\n<\/div><span class=\"cz_line_side_solo cz_line_side_after\" style=\"left:1px\">_<\/span><\/div><\/div><div class=\"cz_gap clr \" style=\"height: 30px\"><\/div><div id=\"cz_80912\" class=\"cz_80912 cz_image clr cz_image_no_fx center_on_mobile wpb_animate_when_almost_visible fadeInRight\"><div class=\"cz_svg_bg\" ><div class=\"cz_image_in\"><div class=\"cz_main_image\"><img decoding=\"async\" width=\"513\" height=\"286\" src=\"https:\/\/tmagency-dz.com\/wp-content\/uploads\/2021\/12\/orange-sur-mesure-transparente.png\" class=\"attachment-full\" alt=\"\" title=\"orange-sur-mesure-transparente\" srcset=\"https:\/\/tmagency-dz.com\/wp-content\/uploads\/2021\/12\/orange-sur-mesure-transparente.png 513w, https:\/\/tmagency-dz.com\/wp-content\/uploads\/2021\/12\/orange-sur-mesure-transparente-300x167.png 300w\" sizes=\"(max-width: 513px) 100vw, 513px\" \/><\/div><\/div><\/div><\/div>[\/vc_column][vc_column width=\u00a0\u00bb1\/2&Prime;][vc_column_text css_animation=\u00a0\u00bbfadeInDownBig\u00a0\u00bb]<b>TM AGENCY<\/b> est une agence de conseil en communication sp\u00e9cialis\u00e9e dans le marketing op\u00e9rationnel.<br \/>\nRiche de plus 15 ans d\u2019exp\u00e9rience dans le monde de la communication dans lequel nous avons grandi et d\u00e9velopper de multiples synergies, nous avons choisi de prendre l\u2019envol en devenant une agence ind\u00e9pendante.<br \/>\nAujourd\u2019hui le dynamisme de notre \u00e9quipe n\u2019a d\u2019\u00e9gal que notre cr\u00e9ativit\u00e9 et son professionnalisme. Elle s\u2019appuie sur les tendances actuelles ainsi que sur une connaissance pointue de son march\u00e9 afin de proposer des solutions ma\u00eetris\u00e9es \u00e0 ses clients.<br \/>\nElle se base sur la transversalit\u00e9 de ses comp\u00e9tences (conseil, r\u00e9flexion strat\u00e9gique, cr\u00e9ation, production\u2026) pour assurer des moyens adapt\u00e9es \u00e0 toutes les probl\u00e9matiques.[\/vc_column_text][\/vc_column][\/vc_row][vc_row full_width=\u00a0\u00bbstretch_row_content_no_spaces\u00a0\u00bb][vc_column width=\u00a0\u00bb1\/2&Prime; css=\u00a0\u00bb.vc_custom_1640016289709{background-color: #6e275a !important;}\u00a0\u00bb]<div class=\"cz_gap clr \" style=\"height: 140px\"><\/div>[vc_column_text css_animation=\u00a0\u00bbfadeInLeft\u00a0\u00bb css=\u00a0\u00bb.vc_custom_1640016878230{padding-right: 30px !important;padding-left: 30px !important;}\u00a0\u00bb]<\/p>\n<div class=\"w-custom-heading overlap-left\" data-animation=\"fadeInLeft\" data-animation-delay=\"0.5\">\n<h2><span style=\"color: #ffffff;\">Viser le top<\/span><\/h2>\n<\/div>\n<div class=\"w-custom-heading overlap-left vc_custom_1540750300504\" data-animation=\"fadeInRight\" data-animation-delay=\"0.5\">\n<h2><span style=\"color: #ffffff;\">Faire toujours mieux<\/span><\/h2>\n<\/div>\n<div class=\"w-text-block vc_custom_1452269215411\"><span style=\"color: #ffffff;\">Pour nos clients, bien s\u00fbr. Mais aussi pour notre propre satisfaction. Pour la fiert\u00e9 qui accompagne un travail bien fait.<\/span><br \/>\n<span style=\"color: #ffffff;\">Toutes les raisons sont bonnes pour placer notre barre tr\u00e8s, tr\u00e8s haute!<\/span><\/div>\n<p>[\/vc_column_text]<div class=\"cz_gap clr \" style=\"height: 129px\"><\/div>[\/vc_column][vc_column width=\u00a0\u00bb1\/2&Prime; css=\u00a0\u00bb.vc_custom_1700667381322{background-image: url(https:\/\/tmagency-dz.com\/wp-content\/uploads\/2021\/12\/driven_marketing.jpg?id=134) !important;background-position: center !important;background-repeat: no-repeat !important;background-size: cover !important;}\u00a0\u00bb]<div class=\"cz_gap clr \" style=\"height: 501px\"><\/div>[\/vc_column][\/vc_row][vc_row full_width=\u00a0\u00bbstretch_row_content_no_spaces\u00a0\u00bb][vc_column width=\u00a0\u00bb1\/2&Prime; css=\u00a0\u00bb.vc_custom_1700667443150{padding-bottom: 5px !important;background-image: url(https:\/\/tmagency-dz.com\/wp-content\/uploads\/2021\/12\/team.jpg?id=144) !important;background-position: center !important;background-repeat: no-repeat !important;background-size: cover !important;}\u00a0\u00bb]<div class=\"cz_gap clr \" style=\"height: 477px\"><\/div>[\/vc_column][vc_column width=\u00a0\u00bb1\/2&Prime; css=\u00a0\u00bb.vc_custom_1640016889644{background-color: #6e275a !important;}\u00a0\u00bb]<div class=\"cz_gap clr \" style=\"height: 140px\"><\/div>[vc_column_text css_animation=\u00a0\u00bbfadeInRight\u00a0\u00bb css=\u00a0\u00bb.vc_custom_1640017174998{padding-right: 30px !important;padding-left: 30px !important;}\u00a0\u00bb]<\/p>\n<div class=\"w-custom-heading overlap-left\" data-animation=\"fadeInLeft\" data-animation-delay=\"0.5\">\n<h2><span style=\"color: #ffffff;\">Quand on travaille bien<\/span><\/h2>\n<\/div>\n<div class=\"w-custom-heading overlap-left vc_custom_1540750404641\" data-animation=\"fadeInRight\" data-animation-delay=\"0.5\">\n<h2><span style=\"color: #ffffff;\">On s\u2019amuse<\/span><\/h2>\n<\/div>\n<div class=\"w-text-block vc_custom_1452269232526\"><span style=\"color: #ffffff;\">La bonne humeur, l\u2019enthousiasme et la passion sont des \u00e9motions contagieuses dont nos clients appr\u00e9cient \u00eatre contamin\u00e9s\u2026<\/span><br \/>\n<span style=\"color: #ffffff;\">Sans plaisir, les relations d\u2019affaires ne sont pas durables, alors \u00e0 quoi bon s\u2019ennuyer ?<\/span><\/div>\n<p>[\/vc_column_text]<div class=\"cz_gap clr \" style=\"height: 110px\"><\/div>[\/vc_column][\/vc_row][vc_row full_width=\u00a0\u00bbstretch_row_content_no_spaces\u00a0\u00bb][vc_column width=\u00a0\u00bb1\/4&Prime; css=\u00a0\u00bb.vc_custom_1640017267017{background-color: #6e275a !important;}\u00a0\u00bb][vc_column_text css_animation=\u00a0\u00bbfadeInLeft\u00a0\u00bb css=\u00a0\u00bb.vc_custom_1640018992189{padding-top: 30px !important;padding-right: 30px !important;padding-left: 30px !important;}\u00a0\u00bb]<\/p>\n<h3 style=\"text-align: right;\"><span style=\"color: #ffffff;\">Cr\u00e9ation de supports de vente<\/span><\/h3>\n<p>&nbsp;<\/p>\n<p style=\"text-align: right;\"><span style=\"color: #ffffff; font-size: 14px;\">Vos commerciaux ont besoin de supports de vente impactants et persuasifs pour convaincre vos clients. <\/span><\/p>\n<p style=\"text-align: right;\"><span style=\"color: #ffffff; font-size: 14px;\">Un simple PowerPoint ou une plaquette r\u00e9alis\u00e9e \u00e0 la h\u00e2te ne suffisent plus aujourd\u2019hui\u2026 les supports cr\u00e9\u00e9s doivent \u00eatre \u00e0 la fois clairs et complets. Notre r\u00f4le est de vous aider \u00e0 cr\u00e9er vos supports de vente, dans leur dimension cr\u00e9ative bien s\u00fbr, mais \u00e9galement dans la dimension conseil. <\/span><span style=\"color: #ffffff; font-size: 14px;\">Conseil quant \u00e0 la quantit\u00e9 d\u2019informations \u00e0 communiquer, aux arguments \u00e0 mettre en avant et au style r\u00e9dactionnel \u00e0 adopter<\/span><\/p>\n<p>[\/vc_column_text][\/vc_column][vc_column width=\u00a0\u00bb1\/2&Prime; css=\u00a0\u00bb.vc_custom_1700667761611{background-image: url(https:\/\/tmagency-dz.com\/wp-content\/uploads\/2021\/12\/Image1-9-960&#215;720-1.jpg?id=151) !important;background-position: center !important;background-repeat: no-repeat !important;background-size: cover !important;}\u00a0\u00bb]<div class=\"cz_gap clr \" style=\"height: 618px\"><\/div>[\/vc_column][vc_column width=\u00a0\u00bb1\/4&Prime; css=\u00a0\u00bb.vc_custom_1640017387985{background-color: #995e35 !important;}\u00a0\u00bb][vc_column_text css_animation=\u00a0\u00bbfadeInRight\u00a0\u00bb css=\u00a0\u00bb.vc_custom_1640019001216{padding-top: 30px !important;padding-right: 30px !important;padding-left: 30px !important;}\u00a0\u00bb]<\/p>\n<div class=\"w-custom-heading\" data-animation=\"fadeInRight\">\n<h3 style=\"text-align: left;\"><span style=\"color: #ffffff;\">Des th\u00e9\u00e2tralisations <\/span><span style=\"color: #ffffff;\">Impactantes<\/span><\/h3>\n<\/div>\n<div class=\"w-text-block vc_custom_1452274507699\">\n<p style=\"text-align: left;\"><span style=\"color: #ffffff; font-size: 14px;\">Points de vente, distributeurs\u2026 et \u00e9quipes commerciales sont demandeurs de mod\u00e9lisations flatteuses. Les th\u00e9\u00e2tralisations permettent d\u2019immerger vos consommateurs dans votre univers de marque.<\/span><\/p>\n<p style=\"text-align: left;\"><span style=\"color: #ffffff; font-size: 14px;\">Leur objectif est double : s\u00e9duire et guider. S\u00e9duire lors de vos campagnes de r\u00e9f\u00e9rencement aupr\u00e8s des principaux acheteurs et guider les \u00e9quipes et merchandisers pour garantir une mise en place optimale de vos op\u00e9rations : lancements de produits, promotion des ventes, temps forts\u2026<\/span><\/p>\n<\/div>\n<p>[\/vc_column_text]<div class=\"cz_gap clr \" style=\"height: 104px\"><\/div>[\/vc_column][\/vc_row][vc_row full_width=\u00a0\u00bbstretch_row_content_no_spaces\u00a0\u00bb][vc_column width=\u00a0\u00bb1\/4&Prime; css=\u00a0\u00bb.vc_custom_1700667615900{background-image: url(https:\/\/tmagency-dz.com\/wp-content\/uploads\/2021\/12\/plv-640&#215;640-1.jpg?id=169) !important;background-position: center !important;background-repeat: no-repeat !important;background-size: cover !important;}\u00a0\u00bb]<div class=\"cz_gap clr \" style=\"height: 515px\"><\/div>[\/vc_column][vc_column width=\u00a0\u00bb1\/4&Prime; css=\u00a0\u00bb.vc_custom_1640018707524{background-color: #6e275a !important;}\u00a0\u00bb][vc_column_text css_animation=\u00a0\u00bbfadeInDownBig\u00a0\u00bb css=\u00a0\u00bb.vc_custom_1640019578753{padding-top: 20px !important;padding-right: 20px !important;padding-left: 20px !important;}\u00a0\u00bb]<\/p>\n<h3><span style=\"color: #ffffff;\">La PLV, votre meilleur vendeur<\/span><\/h3>\n<p><span style=\"color: #ffffff; font-size: 14px;\">La PLV est dans la majorit\u00e9 des cas le premier \u00e9l\u00e9ment de communication en contact avec vos futurs clients. C\u2019est la PLV qui va attirer, informer et guider le consommateur vers vos produits. Elle assure la visibilit\u00e9 optimale de votre offre, met en avant vos nouveaut\u00e9s et actions promotionnelles. Les codes r\u00e9dactionnels et visuels \u00e0 privil\u00e9gier lors de la cr\u00e9ation d\u2019une PLV diff\u00e9rent des codes d\u2019une communication classique, fort de nos 10 ans d\u2019exp\u00e9rience en marketing op\u00e9rationnel, TM Agency vous accompagne et vous guide \u00e0 chaque \u00e9tape de cr\u00e9ation de vos PLV.<\/span>[\/vc_column_text]<div class=\"cz_gap clr \" style=\"height: 31px\"><\/div>[\/vc_column][vc_column width=\u00a0\u00bb1\/4&Prime; css=\u00a0\u00bb.vc_custom_1640018773231{background-color: #995e35 !important;}\u00a0\u00bb][vc_column_text css_animation=\u00a0\u00bbfadeInDownBig\u00a0\u00bb css=\u00a0\u00bb.vc_custom_1640019565045{padding-top: 20px !important;padding-right: 20px !important;padding-left: 20px !important;}\u00a0\u00bb]<\/p>\n<h3><span style=\"color: #ffffff;\">Ce sera notre petit secret\u2026<\/span><\/h3>\n<p><span style=\"color: #ffffff; font-size: 14px;\">Le marketing op\u00e9rationnel est \u00e0 la crois\u00e9e de la communication, du marketing et de la vente\u2026<\/span><br \/>\n<span style=\"color: #ffffff; font-size: 14px;\">La r\u00e9alisation de vos campagnes de marketing op\u00e9rationnel ne peut \u00eatre confi\u00e9e \u00e0 une seule personne, aussi dou\u00e9e soit-elle !<\/span><br \/>\n<span style=\"color: #ffffff; font-size: 14px;\">Tout comme au cin\u00e9ma, o\u00f9 sc\u00e9nariste, r\u00e9alisateur, acteur, ing\u00e9nieur du son et directeur photo, travaillent de concert, c\u2019est la synergie des comp\u00e9tences d\u2019un r\u00e9dacteur, consultant marketing op\u00e9rationnel, directeur artistique et graphistes qui permet de r\u00e9aliser une campagne efficace. L\u2019ensemble de ses comp\u00e9tences sont int\u00e9gr\u00e9es au sein de TM Agency, c\u2019est le secret de notre cr\u00e9ativit\u00e9 et de notre efficacit\u00e9.<\/span>[\/vc_column_text][\/vc_column][vc_column width=\u00a0\u00bb1\/4&Prime; css=\u00a0\u00bb.vc_custom_1700667667663{background-image: url(https:\/\/tmagency-dz.com\/wp-content\/uploads\/2021\/12\/secret.jpg?id=170) !important;background-position: center !important;background-repeat: no-repeat !important;background-size: cover !important;}\u00a0\u00bb]<div class=\"cz_gap clr \" style=\"height: 515px\"><\/div>[\/vc_column][\/vc_row][vc_row full_width=\u00a0\u00bbstretch_row_content_no_spaces\u00a0\u00bb][vc_column width=\u00a0\u00bb1\/4&Prime; css=\u00a0\u00bb.vc_custom_1640019745427{background-color: #995e35 !important;}\u00a0\u00bb][vc_column_text css_animation=\u00a0\u00bbfadeInLeft\u00a0\u00bb css=\u00a0\u00bb.vc_custom_1640020022466{padding-top: 20px !important;padding-right: 20px !important;padding-left: 20px !important;}\u00a0\u00bb]<\/p>\n<h3 style=\"text-align: right;\"><span style=\"color: #ffffff;\">Notre organisation<\/span><\/h3>\n<p style=\"text-align: right;\"><span style=\"font-size: 14px; color: #ffffff;\">C\u2019est toute l\u2019organisation de l\u2019agence qui est pens\u00e9e pour r\u00e9pondre \u00e0 vos demandes en marketing op\u00e9rationnel. Une \u00e9quipe de cr\u00e9atifs est sp\u00e9cialement d\u00e9di\u00e9e aux cr\u00e9ations de PLV, merchandising, trade marketing, promotions des ventes et \u00e9v\u00e9nementiel.<\/span><\/p>\n<p>[\/vc_column_text]<div class=\"cz_gap clr \" style=\"height: 32px\"><\/div>[\/vc_column][vc_column width=\u00a0\u00bb1\/4&Prime; css=\u00a0\u00bb.vc_custom_1700668676323{background-image: url(https:\/\/tmagency-dz.com\/wp-content\/uploads\/2021\/12\/organisation-640&#215;433-1.jpg?id=187) !important;background-position: center !important;background-repeat: no-repeat !important;background-size: cover !important;}\u00a0\u00bb]<div class=\"cz_gap clr \" style=\"height: 290px\"><\/div>[\/vc_column][vc_column width=\u00a0\u00bb1\/4&Prime; css=\u00a0\u00bb.vc_custom_1700668731036{background-image: url(https:\/\/tmagency-dz.com\/wp-content\/uploads\/2021\/12\/experience.jpg?id=188) !important;background-position: center !important;background-repeat: no-repeat !important;background-size: cover !important;}\u00a0\u00bb]<div class=\"cz_gap clr \" style=\"height: 290px\"><\/div>[\/vc_column][vc_column width=\u00a0\u00bb1\/4&Prime; css=\u00a0\u00bb.vc_custom_1640019926426{background-color: #6e275a !important;}\u00a0\u00bb][vc_column_text css_animation=\u00a0\u00bbfadeInRight\u00a0\u00bb css=\u00a0\u00bb.vc_custom_1640020010658{padding-top: 20px !important;padding-right: 20px !important;padding-left: 20px !important;}\u00a0\u00bb]<\/p>\n<h3><span style=\"color: #ffffff;\">Notre exp\u00e9rience<\/span><\/h3>\n<p><span style=\"font-size: 14px; color: #ffffff;\">Le marketing op\u00e9rationnel a ses codes et exigences qui lui sont propres. Nos chefs de projet et cr\u00e9atifs connaissent vos contraintes et ont l\u2019habitude de travailler quotidiennement avec directions marketing, chefs de marque, chefs de produits\u2026 et commerciales : comptes cl\u00e9s, merchandisers.<\/span>[\/vc_column_text][\/vc_column][\/vc_row][vc_row full_width=\u00a0\u00bbstretch_row_content_no_spaces\u00a0\u00bb parallax=\u00a0\u00bbcontent-moving\u00a0\u00bb parallax_image=\u00a0\u00bb201&Prime; parallax_speed_bg=\u00a0\u00bb2&Prime;][vc_column][vc_column_text css=\u00a0\u00bb.vc_custom_1640020837568{padding-top: 150px !important;padding-right: 250px !important;padding-bottom: 150px !important;padding-left: 250px !important;}\u00a0\u00bb]<\/p>\n<div class=\"w-custom-heading\" data-animation=\"fadeInDown\">\n<h1 style=\"text-align: center;\"><span style=\"color: #ffffff; font-size: 80px; font-weight: bold;\"><span style=\"color: #6e275a;\">TOUJOURS AVEC DU SOURIRE<\/span> &#x1f642;<\/span><\/h1>\n<\/div>\n<div class=\"w-custom-heading vc_custom_1452271149143\">\n<h6><\/h6>\n<h6 style=\"text-align: center;\"><span style=\"font-size: 24px; color: #ffffff;\">Nos chefs de projet et graphistes connaissent les difficult\u00e9s du m\u00e9tier de marketer op\u00e9rationnel, ils sauront vous accompagner au jour le jour dans vos projets avec professionnalisme et bonne humeur\u2026<\/span><\/h6>\n<\/div>\n<p>[\/vc_column_text][\/vc_column][\/vc_row]<\/p>\n<\/section>","protected":false},"excerpt":{"rendered":"<p>[vc_row][vc_column width=\u00a0\u00bb1\/2&Prime;][\/vc_column][vc_column width=\u00a0\u00bb1\/2&Prime;][vc_column_text css_animation=\u00a0\u00bbfadeInDownBig\u00a0\u00bb]TM AGENCY est une agence de conseil en &#8230; <\/p>\n","protected":false},"author":1,"featured_media":0,"parent":0,"menu_order":0,"comment_status":"closed","ping_status":"closed","template":"","meta":{"footnotes":""},"class_list":["post-129","page","type-page","status-publish","hentry"],"_links":{"self":[{"href":"https:\/\/tmagency-dz.com\/index.php?rest_route=\/wp\/v2\/pages\/129","targetHints":{"allow":["GET"]}}],"collection":[{"href":"https:\/\/tmagency-dz.com\/index.php?rest_route=\/wp\/v2\/pages"}],"about":[{"href":"https:\/\/tmagency-dz.com\/index.php?rest_route=\/wp\/v2\/types\/page"}],"author":[{"embeddable":true,"href":"https:\/\/tmagency-dz.com\/index.php?rest_route=\/wp\/v2\/users\/1"}],"replies":[{"embeddable":true,"href":"https:\/\/tmagency-dz.com\/index.php?rest_route=%2Fwp%2Fv2%2Fcomments&post=129"}],"version-history":[{"count":3,"href":"https:\/\/tmagency-dz.com\/index.php?rest_route=\/wp\/v2\/pages\/129\/revisions"}],"predecessor-version":[{"id":3456,"href":"https:\/\/tmagency-dz.com\/index.php?rest_route=\/wp\/v2\/pages\/129\/revisions\/3456"}],"wp:attachment":[{"href":"https:\/\/tmagency-dz.com\/index.php?rest_route=%2Fwp%2Fv2%2Fmedia&parent=129"}],"curies":[{"name":"wp","href":"https:\/\/api.w.org\/{rel}","templated":true}]}}